{"id":9089,"date":"2020-10-03T17:50:19","date_gmt":"2020-10-03T15:50:19","guid":{"rendered":"https:\/\/www.pentamedia.ro\/?page_id=9089"},"modified":"2021-02-11T17:06:11","modified_gmt":"2021-02-11T15:06:11","slug":"politica-cookies","status":"publish","type":"page","link":"https:\/\/www.pentamedia.ro\/en\/politica-cookies\/","title":{"rendered":"politica-cookies"},"content":{"rendered":"<div data-elementor-type=\"wp-page\" data-elementor-id=\"9089\" class=\"elementor elementor-9089\" data-elementor-settings=\"[]\">\n\t\t\t\t\t\t<div class=\"elementor-inner\">\n\t\t\t\t\t\t\t<div class=\"elementor-section-wrap\">\n\t\t\t\t\t\t\t<section class=\"elementor-section elementor-top-section elementor-element elementor-element-3390d1c elementor-section-height-min-height elementor-section-boxed elementor-section-height-default elementor-section-items-middle\" data-id=\"3390d1c\" data-element_type=\"section\" data-settings=\"{&quot;background_background&quot;:&quot;classic&quot;}\">\n\t\t\t\t\t\t\t<div class=\"elementor-background-overlay\"><\/div>\n\t\t\t\t\t\t\t<div class=\"elementor-container elementor-column-gap-default\">\n\t\t\t\t\t\t\t<div class=\"elementor-row\">\n\t\t\t\t\t<div class=\"elementor-column elementor-col-100 elementor-top-column elementor-element elementor-element-37b1d56\" data-id=\"37b1d56\" data-element_type=\"column\">\n\t\t\t<div class=\"elementor-column-wrap elementor-element-populated\">\n\t\t\t\t\t\t\t<div class=\"elementor-widget-wrap\">\n\t\t\t\t\t\t<section class=\"elementor-section elementor-inner-section elementor-element elementor-element-c905079 elementor-section-full_width elementor-section-height-default elementor-section-height-default\" data-id=\"c905079\" data-element_type=\"section\">\n\t\t\t\t\t\t<div class=\"elementor-container elementor-column-gap-default\">\n\t\t\t\t\t\t\t<div class=\"elementor-row\">\n\t\t\t\t\t<div class=\"elementor-column elementor-col-100 elementor-inner-column elementor-element elementor-element-2118e94\" data-id=\"2118e94\" data-element_type=\"column\">\n\t\t\t<div class=\"elementor-column-wrap elementor-element-populated\">\n\t\t\t\t\t\t\t<div class=\"elementor-widget-wrap\">\n\t\t\t\t\t\t<div class=\"elementor-element elementor-element-160d761 elementor-invisible elementor-widget elementor-widget-heading\" data-id=\"160d761\" data-element_type=\"widget\" data-settings=\"{&quot;_animation&quot;:&quot;fadeInLeft&quot;,&quot;_animation_delay&quot;:200}\" data-widget_type=\"heading.default\">\n\t\t\t\t<div class=\"elementor-widget-container\">\n\t\t\t<p class=\"elementor-heading-title elementor-size-default\">COOKIE AND SIMILAR TECHNOLOGY POLICY<\/p>\t\t<\/div>\n\t\t\t\t<\/div>\n\t\t\t\t<div class=\"elementor-element elementor-element-290ccc3 elementor-invisible elementor-widget elementor-widget-heading\" data-id=\"290ccc3\" data-element_type=\"widget\" data-settings=\"{&quot;_animation&quot;:&quot;fadeInLeft&quot;,&quot;_animation_delay&quot;:400}\" data-widget_type=\"heading.default\">\n\t\t\t\t<div class=\"elementor-widget-container\">\n\t\t\t<h1 class=\"elementor-heading-title elementor-size-default\">POLITICA COOKIES<\/h1>\t\t<\/div>\n\t\t\t\t<\/div>\n\t\t\t\t\t\t<\/div>\n\t\t\t\t\t<\/div>\n\t\t<\/div>\n\t\t\t\t\t\t\t\t<\/div>\n\t\t\t\t\t<\/div>\n\t\t<\/section>\n\t\t\t\t\t\t<\/div>\n\t\t\t\t\t<\/div>\n\t\t<\/div>\n\t\t\t\t\t\t\t\t<\/div>\n\t\t\t\t\t<\/div>\n\t\t<\/section>\n\t\t\t\t<section class=\"elementor-section elementor-top-section elementor-element elementor-element-1ccf2f8 elementor-section-boxed elementor-section-height-default elementor-section-height-default\" data-id=\"1ccf2f8\" data-element_type=\"section\">\n\t\t\t\t\t\t<div class=\"elementor-container elementor-column-gap-default\">\n\t\t\t\t\t\t\t<div class=\"elementor-row\">\n\t\t\t\t\t<div class=\"elementor-column elementor-col-100 elementor-top-column elementor-element elementor-element-5aad7a6\" data-id=\"5aad7a6\" data-element_type=\"column\">\n\t\t\t<div class=\"elementor-column-wrap elementor-element-populated\">\n\t\t\t\t\t\t\t<div class=\"elementor-widget-wrap\">\n\t\t\t\t\t\t<div class=\"elementor-element elementor-element-55ff2c4 elementor-widget elementor-widget-shortcode\" data-id=\"55ff2c4\" data-element_type=\"widget\" id=\"yoast_breadcrumb\" data-widget_type=\"shortcode.default\">\n\t\t\t\t<div class=\"elementor-widget-container\">\n\t\t\t\t\t<div class=\"elementor-shortcode\"><span><span><a href=\"https:\/\/www.pentamedia.ro\/en\/\">Penta Media<\/a><\/span><\/div>\n\t\t\t\t<\/div>\n\t\t\t\t<\/div>\n\t\t\t\t\t\t<\/div>\n\t\t\t\t\t<\/div>\n\t\t<\/div>\n\t\t\t\t\t\t\t\t<\/div>\n\t\t\t\t\t<\/div>\n\t\t<\/section>\n\t\t\t\t<section class=\"elementor-section elementor-top-section elementor-element elementor-element-94a11b5 elementor-section-boxed elementor-section-height-default elementor-section-height-default\" data-id=\"94a11b5\" data-element_type=\"section\">\n\t\t\t\t\t\t<div class=\"elementor-container elementor-column-gap-default\">\n\t\t\t\t\t\t\t<div class=\"elementor-row\">\n\t\t\t\t\t<div class=\"elementor-column elementor-col-100 elementor-top-column elementor-element elementor-element-98d5b01\" data-id=\"98d5b01\" data-element_type=\"column\">\n\t\t\t<div class=\"elementor-column-wrap elementor-element-populated\">\n\t\t\t\t\t\t\t<div class=\"elementor-widget-wrap\">\n\t\t\t\t\t\t<div class=\"elementor-element elementor-element-8cb2d38 elementor-widget elementor-widget-text-editor\" data-id=\"8cb2d38\" data-element_type=\"widget\" data-widget_type=\"text-editor.default\">\n\t\t\t\t<div class=\"elementor-widget-container\">\n\t\t\t\t\t<div class=\"elementor-text-editor elementor-clearfix\"><h4>1. Cookie and similar technology policy<\/h4><p>This policy applies to cookies and similar technologies used, as appropriate, in websites and applications operated by S.C. PENTA MEDIA ADVERTISING S.R.L. headquartered in Hereclean Commune, Loc. Badon, Main st., no. 79\/A, Salaj county, (hereinafter referred to as Pentamedia). Cookies are used for the following purposes:<\/p><ul><li>for the well functioning of the site<\/li><li>for the behavioral analysis of the site visitors<\/li><li>for advertising<\/li><\/ul><p>This policy is complemented by Pentamedia's general data protection policy\u00a0<a href=\"https:\/\/www.pentamedia.ro\/en\/gdpr\/\" target=\"_blank\" rel=\"noopener noreferrer\">, read this.<\/a> We encourage you to read these two policies because they also include additional useful information, like Pentamedia's personal data protection officer, all purposes of processing. data by Pentamedia, your rights, their exceptions and limitations, etc. Proper protection of personal data is an important goal for Pentamedia. Our desire is to be as clear and transparent as possible about Pentamedia's approach. For any questions, please contact us at office@pentamedia.ro<\/p><h4>2. What is a cookie?<\/h4><p>A cookie is a small file, consisting of letters and numbers, that will be stored on the computer, mobile terminal, or other equipment used to access the Internet. The cookie is installed because of the request made by the user's terminal to a Pentamedia or other site owner server.<\/p><h4>3. What are cookies used for?<\/h4><p>These files mainly make it possible to recognize the user's terminal and present the content in a relevant way, adapted to the user's preferences. Cookies provide users with a pleasant browsing experience and support Pentamedia's efforts to provide tailored services to users, eg: - online privacy preferences, or online chats with our representatives. They are also used in the preparation of aggregated anonymous statistics that help us understand how a user benefits from our web pages, allowing us to improve their structure and content, without allowing the user to be personally identified.<\/p><h4>4. What kind of cookies do we use?<\/h4><p>We use two types of cookies: per session and fixed. Per session cookies are temporary files that remain in the user's terminal until the end of the session or until the application is closed. Fixed cookies remain on the user's terminal for a period of time determined by the cookie's parameters or until they are manually deleted by the user.<\/p><h4>5. How does this site use cookies?<\/h4><p>By accessing the pages of our site, the following cookies can be placed on your electronic device that you use:<\/p><ul><li>strictly necessary cookies for the functioning of the site<\/li><li>analysis cookies<\/li><li>advertising cookies<\/li><\/ul><p>The necessary cookies and\/or similar technologies are essential for the proper functioning of the site. They are saved on your device while accessing our site or during the navigation on the site. You can set your Internet browser to not accept cookies but in this case some parts of the site will not function correctly.<\/p><h4>6. Do cokies or similar technologies collect personal data?<\/h4><p>Cookies or similar technologies do not request personal information in order to be used and in many cases, do not identify personal internet users. However, there are situations when personal data may be collected through the use of cookies to facilitate certain functionalities for the user or to offer the user an experience adapted to his preferences. Such data is encrypted in a way that makes it impossible for unauthorized persons to access it.<\/p><h4><span style=\"font-weight: normal;\">What are the similar technologies?<\/span><\/h4><p>There are other technologies that can be used in similar ways as the cookies are used. Pentamedia uses as similar technology Local Storage.<\/p><h4>7. Blocking the cookies<\/h4><p>If you wish to block cookies, some features of Internet sites will be disabled, and this may lead to certain malfunctions or errors in their use. For example, blocking cookies may prevent you from:<\/p><ul><li>interacting with out customer service team<\/li><li>see presentation clips and movies<\/li><\/ul><p>If you agree to these limitations and want to block cookies, follow the instructions below: Most browsers are set to accept cookies by default, but you can change the settings to block some or all cookies.\u00a0<\/p><p>\u00a0<\/p><h4>8. Administer cookie placement preferences<\/h4><p>In general, browsers used to navigate the Internet allow cookies and\/or similar technologies to be saved on your terminal by default. They are stored for the periods described in the table below,\u00a0<a href=\"#cookie\">section 11<\/a>\u00a0. These settings can be changed so that the automatic administration of cookies is blocked by the web browser or the user to be informed every time cookies are sent to his terminal. Detailed information about the possibilities and ways of managing cookies can be found in the settings area of the web browser. Limiting the use of cookies may affect certain functionalities of the website.<\/p><h4>9. Why are cookies and\/or similar technologies important for the use of Internet<\/h4><p>Cookies and\/or similar technologies are a focal point of the operational efficiency of the Internet, helping to generate a friendly browsing experience tailored to the preferences and interests of each user. Refusing or disabling cookies may make some sites or parts of sites impossible to use. Disabling cookies does not mean that you will no longer receive online advertising in compliance with the law - but only that it will no longer be able to take into account your preferences and interests, highlighted by your browsing behavior. Examples of important uses of cookies (which do not require a user to authenticate through an account):<\/p><ul><li>Content and services tailored to user preferences - product and service categories.<\/li><li>Offers adapted to users' interests<\/li><li>Remembering passwords<\/li><li>Retention of child protection filters on Internet content (family mode options, safe search functions).<\/li><li>Chat modules inside the site<\/li><li>Measuring, optimizing and adapting analytics features - such as confirming a certain level of traffic to a website, what type of content is viewed and how a user gets to a website (eg through search engines, directly, from other websites etc.). Websites carry out these analyzes regarding their use to improve their services for the benefit of users.<\/li><\/ul><h4>10. Security and confidentiality aspects<\/h4><p>In general, browsers have integrated privacy settings that provide different levels of acceptance for cookies, the period of validity and automatic deletion after the user has visited a particular site. \nOther security issues related to cookies:<\/p><ul><li>Customize your browser's cookie settings to reflect a comfortable level of security for you.<\/li><li>If you are the only person using your computer, you can set long expiration dates for storing your browsing history and personal access data if you wish.<\/li><li>If you share access to your computer, you can consider setting your browser to clear individual browsing data each time you close your browser. This is a way to access the sites that place cookies and to delete any visit information at the end of the browsing session.<\/li><\/ul><h4>11. Useful links and extra information<\/h4><p>If you want to find out more about cookies and their uses, we recommend the use of following links:<\/p><ul><li><a href=\"https:\/\/support.microsoft.com\/en-us\/help\/260971\/description-of-cookies\" target=\"_blank\" rel=\"noopener noreferrer\">Microsoft Cookies guide<\/a><\/li><li><a href=\"http:\/\/www.allaboutcookies.org\/\" target=\"_blank\" rel=\"noopener noreferrer\">All About Cookies<\/a><\/li><li><a href=\"http:\/\/www.youronlinechoices.com\/ro\/\" target=\"_blank\" rel=\"noopener noreferrer\">http:\/\/www.youronlinechoices.com\/ro\/<\/a><\/li><\/ul><div><span style=\"font-size: 18px; font-style: normal; font-weight: 400;\">The table below describes each cookie used on this site and its role. We will not use these cookies in any other way than those indicated in these Cookie Policy.<\/span><\/div><\/div>\n\t\t\t\t<\/div>\n\t\t\t\t<\/div>\n\t\t\t\t\t\t<\/div>\n\t\t\t\t\t<\/div>\n\t\t<\/div>\n\t\t\t\t\t\t\t\t<\/div>\n\t\t\t\t\t<\/div>\n\t\t<\/section>\n\t\t\t\t<section class=\"elementor-section elementor-top-section elementor-element elementor-element-d0e2c40 elementor-section-boxed elementor-section-height-default elementor-section-height-default\" data-id=\"d0e2c40\" data-element_type=\"section\" id=\"cookie\">\n\t\t\t\t\t\t<div class=\"elementor-container elementor-column-gap-default\">\n\t\t\t\t\t\t\t<div class=\"elementor-row\">\n\t\t\t\t\t<div class=\"elementor-column elementor-col-100 elementor-top-column elementor-element elementor-element-14ebd51\" data-id=\"14ebd51\" data-element_type=\"column\">\n\t\t\t<div class=\"elementor-column-wrap elementor-element-populated\">\n\t\t\t\t\t\t\t<div class=\"elementor-widget-wrap\">\n\t\t\t\t\t\t<div class=\"elementor-element elementor-element-d788ea2 elementor-widget elementor-widget-html\" data-id=\"d788ea2\" data-element_type=\"widget\" data-widget_type=\"html.default\">\n\t\t\t\t<div class=\"elementor-widget-container\">\n\t\t\t<table class=\"cookielawinfo-row-cat-table cookielawinfo-classic\"><thead><tr><th class=\"cookielawinfo-column-1\">Cookie<\/th><th class=\"cookielawinfo-column-2\">Type<\/th><th class=\"cookielawinfo-column-3\">Duration<\/th><th class=\"cookielawinfo-column-4\">Description<\/th><\/tr><\/thead><tbody><tr class=\"cookielawinfo-row\"><td class=\"cookielawinfo-column-1\">__tawkuuid<\/td><td class=\"cookielawinfo-column-2\">Essential for site operation<\/td><td class=\"cookielawinfo-column-3\">7 months<\/td><td class=\"cookielawinfo-column-4\">Used by instant chat tawk.to in order to remember the user that interacted with Pentamedia staff<\/td><\/tr><tr class=\"cookielawinfo-row\"><td class=\"cookielawinfo-column-1\">CookieLawInfoConsent<\/td><td class=\"cookielawinfo-column-2\">Essential for site operation<\/td><td class=\"cookielawinfo-column-3\">12 months<\/td><td class=\"cookielawinfo-column-4\">Used for the current user of the site - remembering the acceptance of essential cookies used on the site currently in use.<\/td><\/tr><tr class=\"cookielawinfo-row\"><td class=\"cookielawinfo-column-1\">TawkConnectionTime<\/td><td class=\"cookielawinfo-column-2\">Essential for site operation<\/td><td class=\"cookielawinfo-column-3\">Until the end of user's session<\/td><td class=\"cookielawinfo-column-4\">Measures and transmits the duration of the instant chat and the end of it to the server.<\/td><\/tr><tr class=\"cookielawinfo-row\"><td class=\"cookielawinfo-column-1\">wp-settings<\/td><td class=\"cookielawinfo-column-2\">Essential for site operation<\/td><td class=\"cookielawinfo-column-3\">Until the end of user's session<\/td><td class=\"cookielawinfo-column-4\">Makes the settings for visualization and adaptability to the user's device.<\/td><\/tr><\/tbody><\/table>\t\t<\/div>\n\t\t\t\t<\/div>\n\t\t\t\t\t\t<\/div>\n\t\t\t\t\t<\/div>\n\t\t<\/div>\n\t\t\t\t\t\t\t\t<\/div>\n\t\t\t\t\t<\/div>\n\t\t<\/section>\n\t\t\t\t<section class=\"elementor-section elementor-top-section elementor-element elementor-element-dbed8e0 elementor-section-boxed elementor-section-height-default elementor-section-height-default\" data-id=\"dbed8e0\" data-element_type=\"section\">\n\t\t\t\t\t\t<div class=\"elementor-container elementor-column-gap-default\">\n\t\t\t\t\t\t\t<div class=\"elementor-row\">\n\t\t\t\t\t<div class=\"elementor-column elementor-col-100 elementor-top-column elementor-element elementor-element-dcc2a8c\" data-id=\"dcc2a8c\" data-element_type=\"column\">\n\t\t\t<div class=\"elementor-column-wrap elementor-element-populated\">\n\t\t\t\t\t\t\t<div class=\"elementor-widget-wrap\">\n\t\t\t\t\t\t<div class=\"elementor-element elementor-element-a5733f0 elementor-widget elementor-widget-text-editor\" data-id=\"a5733f0\" data-element_type=\"widget\" data-widget_type=\"text-editor.default\">\n\t\t\t\t<div class=\"elementor-widget-container\">\n\t\t\t\t\t<div class=\"elementor-text-editor elementor-clearfix\">Pentamedia may use the services of the following third parties for the purpose of providing functionality, analysis and advertising. These third parties may set and use cookies and\/or similar technologies on websites and applications operated by Pentamedia, as well as on websites and applications other than those operated by Pentamedia. For more details, see the data protection policies as well as the user preferences management guides and deactivation options offered by the companies that manage these services, as appropriate.\n<h4>Google Ads<\/h4>\n<ul>\n \t<li>Category: Advertising<\/li>\n \t<li>Purpose: Remarketing<\/li>\n \t<li>Policies:\u00a0<a style=\"box-sizing: inherit; color: #0088cc;\" href=\"https:\/\/policies.google.com\/privacy\">https:\/\/policies.google.com\/privacy<\/a>,\u00a0<a style=\"box-sizing: inherit; color: #0088cc;\" href=\"https:\/\/policies.google.com\/technologies\/ads\">https:\/\/policies.google.com\/technologies\/ads<\/a><\/li>\n<\/ul>\n<h4>Google Maps API<\/h4>\n<ul>\n \t<li>Category: Functionality<\/li>\n \t<li>Purpose: Contact page<\/li>\n \t<li>Policies:\u00a0<a style=\"box-sizing: inherit; color: #0088cc;\" href=\"https:\/\/policies.google.com\/privacy\">https:\/\/policies.google.com\/privacy<\/a><\/li>\n<\/ul>\n<h4>Google Doubleclick<\/h4>\n<ul>\n \t<li>Category: Advertising<\/li>\n \t<li>Purpose: Display advertising<\/li>\n \t<li>Policies:\u00a0<a style=\"box-sizing: inherit; color: #0088cc;\" href=\"https:\/\/policies.google.com\/technologies\/ads\">https:\/\/policies.google.com\/technologies\/ads<\/a><\/li>\n<\/ul>\n<h4>Facebook<\/h4>\n<ul>\n \t<li>Category: Advertising<\/li>\n \t<li>Purpose: Remarketing<\/li>\n \t<li>Policies:\u00a0<a style=\"box-sizing: inherit; color: #0088cc;\" href=\"https:\/\/www.facebook.com\/privacy\/explanation\">https:\/\/www.facebook.com\/privacy\/explanation<\/a><\/li>\n<\/ul>\n<div>\n<h4 style=\"font-size: 1.11111rem; font-style: normal;\">WordPress<\/h4>\n<ul style=\"font-size: 18px; font-style: normal; font-weight: 400;\">\n \t<li style=\"font-size: 18px;\">Category: Functionality<\/li>\n \t<li style=\"font-size: 18px;\">Purpose: Site platform<\/li>\n \t<li style=\"font-size: 18px;\">Policies:\u00a0<a style=\"box-sizing: inherit; font-size: 18px; color: #0088cc;\" href=\"https:\/\/wordpress.org\/about\/privacy\/\">https:\/\/wordpress.org\/about\/privacy\/<\/a><\/li>\n<\/ul>\n<div>\n<h4 style=\"font-size: 1.11111rem; font-style: normal;\">Tawk.to<\/h4>\n<ul style=\"font-size: 18px; font-style: normal; font-weight: 400;\">\n \t<li style=\"font-size: 18px;\">Category: Functionality<\/li>\n \t<li style=\"font-size: 18px;\">Purpose: Internal site chat<\/li>\n \t<li style=\"font-size: 18px;\">Policies:\u00a0<a style=\"box-sizing: inherit; font-size: 18px; color: #0088cc;\" href=\"https:\/\/www.tawk.to\/privacy-policy\/\">https:\/\/www.tawk.to\/privacy-policy\/<\/a><\/li>\n<\/ul>\n<\/div>\n<\/div>\nDo not hesitate to contact us for any questions or concerns regarding Pentamedia's use of cookies and similar technologies.<\/div>\n\t\t\t\t<\/div>\n\t\t\t\t<\/div>\n\t\t\t\t\t\t<\/div>\n\t\t\t\t\t<\/div>\n\t\t<\/div>\n\t\t\t\t\t\t\t\t<\/div>\n\t\t\t\t\t<\/div>\n\t\t<\/section>\n\t\t\t\t\t\t<\/div>\n\t\t\t\t\t\t<\/div>\n\t\t\t\t\t<\/div>","protected":false},"excerpt":{"rendered":"<p>politica de utilizare cookie-uri \u0219i tehnologii similare POLITICA COOKIES 1. Politica de utilizare cookie-uri \u0219i tehnologii similare Aceast\u0103 politic\u0103 se refer\u0103 la cookie-urile \u0219i la tehnologiile similare folosite, dup\u0103 caz, \u00een website-urile \u0219i aplica\u021biile operate de S.C. PENTA MEDIA ADVERTISING S.R.L. cu sediul social \u00een Comuna Hereclean, Loc. Badon, str. Principal\u0103 79\/A, jud. Salaj, (denumit\u0103 &hellip;<\/p>\n<p class=\"read-more\"> <a class=\"\" href=\"https:\/\/www.pentamedia.ro\/en\/politica-cookies\/\"> <span class=\"screen-reader-text\">politica-cookies<\/span> Read More &raquo;<\/a><\/p>","protected":false},"author":2,"featured_media":0,"parent":0,"menu_order":0,"comment_status":"closed","ping_status":"closed","template":"elementor_header_footer","meta":[],"yoast_head":"<!-- This site is optimized with the Yoast SEO plugin v15.8 - https:\/\/yoast.com\/wordpress\/plugins\/seo\/ -->\n<title>politica-cookies - Penta Media<\/title>\n<meta name=\"robots\" content=\"index, follow, max-snippet:-1, max-image-preview:large, max-video-preview:-1\" \/>\n<link rel=\"canonical\" href=\"https:\/\/www.pentamedia.ro\/en\/politica-cookies\/\" \/>\n<meta property=\"og:locale\" content=\"en_GB\" \/>\n<meta property=\"og:type\" content=\"article\" \/>\n<meta property=\"og:title\" content=\"politica-cookies - Penta Media\" \/>\n<meta property=\"og:description\" content=\"politica de utilizare cookie-uri \u0219i tehnologii similare POLITICA COOKIES 1. Politica de utilizare cookie-uri \u0219i tehnologii similare Aceast\u0103 politic\u0103 se refer\u0103 la cookie-urile \u0219i la tehnologiile similare folosite, dup\u0103 caz, \u00een website-urile \u0219i aplica\u021biile operate de S.C. PENTA MEDIA ADVERTISING S.R.L. cu sediul social \u00een Comuna Hereclean, Loc. Badon, str. Principal\u0103 79\/A, jud. Salaj, (denumit\u0103 &hellip; politica-cookies Read More &raquo;\" \/>\n<meta property=\"og:url\" content=\"https:\/\/www.pentamedia.ro\/en\/politica-cookies\/\" \/>\n<meta property=\"og:site_name\" content=\"Penta Media\" \/>\n<meta property=\"article:publisher\" content=\"https:\/\/www.facebook.com\/PentaMediaAdvertising\" \/>\n<meta property=\"article:modified_time\" content=\"2021-02-11T15:06:11+00:00\" \/>\n<meta name=\"twitter:card\" content=\"summary_large_image\" \/>\n<meta name=\"twitter:site\" content=\"@PentaMediaAdve1\" \/>\n<meta name=\"twitter:label1\" content=\"Estimated reading time\">\n\t<meta name=\"twitter:data1\" content=\"8 minutes\">\n<script type=\"application\/ld+json\" class=\"yoast-schema-graph\">{\"@context\":\"https:\/\/schema.org\",\"@graph\":[{\"@type\":\"Organization\",\"@id\":\"https:\/\/www.pentamedia.ro\/#organization\",\"name\":\"PENTA MEDIA ADVERTISING\",\"url\":\"https:\/\/www.pentamedia.ro\/\",\"sameAs\":[\"https:\/\/www.facebook.com\/PentaMediaAdvertising\",\"https:\/\/www.instagram.com\/pentamediaadvertising\/\",\"https:\/\/www.youtube.com\/channel\/UC_YXCC_J1Vf1nPuGQV_DBXQ\",\"https:\/\/twitter.com\/PentaMediaAdve1\"],\"logo\":{\"@type\":\"ImageObject\",\"@id\":\"https:\/\/www.pentamedia.ro\/#logo\",\"inLanguage\":\"en-GB\",\"url\":\"https:\/\/www.pentamedia.ro\/wp-content\/uploads\/2020\/10\/lOGO.png\",\"width\":772,\"height\":772,\"caption\":\"PENTA MEDIA ADVERTISING\"},\"image\":{\"@id\":\"https:\/\/www.pentamedia.ro\/#logo\"}},{\"@type\":\"WebSite\",\"@id\":\"https:\/\/www.pentamedia.ro\/#website\",\"url\":\"https:\/\/www.pentamedia.ro\/\",\"name\":\"Penta Media\",\"description\":\"Agentie publicitate outdoor\",\"publisher\":{\"@id\":\"https:\/\/www.pentamedia.ro\/#organization\"},\"potentialAction\":[{\"@type\":\"SearchAction\",\"target\":\"https:\/\/www.pentamedia.ro\/?s={search_term_string}\",\"query-input\":\"required name=search_term_string\"}],\"inLanguage\":\"en-GB\"},{\"@type\":\"WebPage\",\"@id\":\"https:\/\/www.pentamedia.ro\/politica-cookies\/#webpage\",\"url\":\"https:\/\/www.pentamedia.ro\/politica-cookies\/\",\"name\":\"politica-cookies - Penta Media\",\"isPartOf\":{\"@id\":\"https:\/\/www.pentamedia.ro\/#website\"},\"datePublished\":\"2020-10-03T15:50:19+00:00\",\"dateModified\":\"2021-02-11T15:06:11+00:00\",\"breadcrumb\":{\"@id\":\"https:\/\/www.pentamedia.ro\/politica-cookies\/#breadcrumb\"},\"inLanguage\":\"en-GB\",\"potentialAction\":[{\"@type\":\"ReadAction\",\"target\":[\"https:\/\/www.pentamedia.ro\/politica-cookies\/\"]}]},{\"@type\":\"BreadcrumbList\",\"@id\":\"https:\/\/www.pentamedia.ro\/politica-cookies\/#breadcrumb\",\"itemListElement\":[{\"@type\":\"ListItem\",\"position\":1,\"item\":{\"@type\":\"WebPage\",\"@id\":\"https:\/\/www.pentamedia.ro\/\",\"url\":\"https:\/\/www.pentamedia.ro\/\",\"name\":\"Penta Media\"}},{\"@type\":\"ListItem\",\"position\":2,\"item\":{\"@type\":\"WebPage\",\"@id\":\"https:\/\/www.pentamedia.ro\/politica-cookies\/\",\"url\":\"https:\/\/www.pentamedia.ro\/politica-cookies\/\",\"name\":\"politica-cookies\"}}]}]}<\/script>\n<!-- \/ Yoast SEO plugin. -->","_links":{"self":[{"href":"https:\/\/www.pentamedia.ro\/en\/wp-json\/wp\/v2\/pages\/9089"}],"collection":[{"href":"https:\/\/www.pentamedia.ro\/en\/wp-json\/wp\/v2\/pages"}],"about":[{"href":"https:\/\/www.pentamedia.ro\/en\/wp-json\/wp\/v2\/types\/page"}],"author":[{"embeddable":true,"href":"https:\/\/www.pentamedia.ro\/en\/wp-json\/wp\/v2\/users\/2"}],"replies":[{"embeddable":true,"href":"https:\/\/www.pentamedia.ro\/en\/wp-json\/wp\/v2\/comments?post=9089"}],"version-history":[{"count":40,"href":"https:\/\/www.pentamedia.ro\/en\/wp-json\/wp\/v2\/pages\/9089\/revisions"}],"predecessor-version":[{"id":10384,"href":"https:\/\/www.pentamedia.ro\/en\/wp-json\/wp\/v2\/pages\/9089\/revisions\/10384"}],"wp:attachment":[{"href":"https:\/\/www.pentamedia.ro\/en\/wp-json\/wp\/v2\/media?parent=9089"}],"curies":[{"name":"wp","href":"https:\/\/api.w.org\/{rel}","templated":true}]}}