{"id":873,"date":"2020-07-09T19:46:24","date_gmt":"2020-07-09T19:46:24","guid":{"rendered":"https:\/\/www.pentamedia.ro\/?page_id=873"},"modified":"2021-07-16T15:00:04","modified_gmt":"2021-07-16T12:00:04","slug":"ghidul-clientului","status":"publish","type":"page","link":"https:\/\/www.pentamedia.ro\/en\/ghidul-clientului\/","title":{"rendered":"\u00a0\u00a0Client's guide\u00a0\u00a0\u00a0"},"content":{"rendered":"<div data-elementor-type=\"wp-page\" data-elementor-id=\"873\" class=\"elementor elementor-873\" data-elementor-settings=\"[]\">\n\t\t\t\t\t\t<div class=\"elementor-inner\">\n\t\t\t\t\t\t\t<div class=\"elementor-section-wrap\">\n\t\t\t\t\t\t\t<section class=\"elementor-section elementor-top-section elementor-element elementor-element-ea79257 elementor-section-boxed elementor-section-height-default elementor-section-height-default\" data-id=\"ea79257\" data-element_type=\"section\" data-settings=\"{&quot;background_background&quot;:&quot;classic&quot;}\">\n\t\t\t\t\t\t\t<div class=\"elementor-background-overlay\"><\/div>\n\t\t\t\t\t\t\t<div class=\"elementor-container elementor-column-gap-default\">\n\t\t\t\t\t\t\t<div class=\"elementor-row\">\n\t\t\t\t\t<div class=\"elementor-column elementor-col-100 elementor-top-column elementor-element elementor-element-05abe01\" data-id=\"05abe01\" data-element_type=\"column\">\n\t\t\t<div class=\"elementor-column-wrap elementor-element-populated\">\n\t\t\t\t\t\t\t<div class=\"elementor-widget-wrap\">\n\t\t\t\t\t\t<section class=\"elementor-section elementor-inner-section elementor-element elementor-element-0b1ab3c elementor-section-full_width elementor-section-height-default elementor-section-height-default\" data-id=\"0b1ab3c\" data-element_type=\"section\">\n\t\t\t\t\t\t<div class=\"elementor-container elementor-column-gap-default\">\n\t\t\t\t\t\t\t<div class=\"elementor-row\">\n\t\t\t\t\t<div class=\"elementor-column elementor-col-100 elementor-inner-column elementor-element elementor-element-7d8640e\" data-id=\"7d8640e\" data-element_type=\"column\">\n\t\t\t<div class=\"elementor-column-wrap elementor-element-populated\">\n\t\t\t\t\t\t\t<div class=\"elementor-widget-wrap\">\n\t\t\t\t\t\t<div class=\"elementor-element elementor-element-290d671 elementor-invisible elementor-widget elementor-widget-heading\" data-id=\"290d671\" data-element_type=\"widget\" data-settings=\"{&quot;_animation&quot;:&quot;fadeInLeft&quot;,&quot;_animation_delay&quot;:200}\" data-widget_type=\"heading.default\">\n\t\t\t\t<div class=\"elementor-widget-container\">\n\t\t\t<p class=\"elementor-heading-title elementor-size-default\">GET ACQUAINTED WITH OUTDOOR ADVERTISING<\/p>\t\t<\/div>\n\t\t\t\t<\/div>\n\t\t\t\t<div class=\"elementor-element elementor-element-9f029fd elementor-invisible elementor-widget elementor-widget-heading\" data-id=\"9f029fd\" data-element_type=\"widget\" data-settings=\"{&quot;_animation&quot;:&quot;fadeInLeft&quot;,&quot;_animation_delay&quot;:400}\" data-widget_type=\"heading.default\">\n\t\t\t\t<div class=\"elementor-widget-container\">\n\t\t\t<h1 class=\"elementor-heading-title elementor-size-default\">Client's <font color=\"#0095da\">Guide<\/font><\/h1>\t\t<\/div>\n\t\t\t\t<\/div>\n\t\t\t\t\t\t<\/div>\n\t\t\t\t\t<\/div>\n\t\t<\/div>\n\t\t\t\t\t\t\t\t<\/div>\n\t\t\t\t\t<\/div>\n\t\t<\/section>\n\t\t\t\t\t\t<\/div>\n\t\t\t\t\t<\/div>\n\t\t<\/div>\n\t\t\t\t\t\t\t\t<\/div>\n\t\t\t\t\t<\/div>\n\t\t<\/section>\n\t\t\t\t<section class=\"elementor-section elementor-top-section elementor-element elementor-element-93d2751 elementor-section-boxed elementor-section-height-default elementor-section-height-default\" data-id=\"93d2751\" data-element_type=\"section\">\n\t\t\t\t\t\t<div class=\"elementor-container elementor-column-gap-default\">\n\t\t\t\t\t\t\t<div class=\"elementor-row\">\n\t\t\t\t\t<div class=\"elementor-column elementor-col-100 elementor-top-column elementor-element elementor-element-4255b16\" data-id=\"4255b16\" data-element_type=\"column\">\n\t\t\t<div class=\"elementor-column-wrap elementor-element-populated\">\n\t\t\t\t\t\t\t<div class=\"elementor-widget-wrap\">\n\t\t\t\t\t\t<div class=\"elementor-element elementor-element-914c5ad elementor-widget elementor-widget-shortcode\" data-id=\"914c5ad\" data-element_type=\"widget\" id=\"yoast_breadcrumb\" data-widget_type=\"shortcode.default\">\n\t\t\t\t<div class=\"elementor-widget-container\">\n\t\t\t\t\t<div class=\"elementor-shortcode\"><span><span><a href=\"https:\/\/www.pentamedia.ro\/en\/\">Penta Media<\/a><\/span><\/div>\n\t\t\t\t<\/div>\n\t\t\t\t<\/div>\n\t\t\t\t\t\t<\/div>\n\t\t\t\t\t<\/div>\n\t\t<\/div>\n\t\t\t\t\t\t\t\t<\/div>\n\t\t\t\t\t<\/div>\n\t\t<\/section>\n\t\t\t\t<section class=\"elementor-section elementor-top-section elementor-element elementor-element-0e40c61 elementor-hidden-phone elementor-section-boxed elementor-section-height-default elementor-section-height-default\" data-id=\"0e40c61\" data-element_type=\"section\">\n\t\t\t\t\t\t<div class=\"elementor-container elementor-column-gap-default\">\n\t\t\t\t\t\t\t<div class=\"elementor-row\">\n\t\t\t\t\t<div class=\"elementor-column elementor-col-100 elementor-top-column elementor-element elementor-element-9b7646a\" data-id=\"9b7646a\" data-element_type=\"column\">\n\t\t\t<div class=\"elementor-column-wrap elementor-element-populated\">\n\t\t\t\t\t\t\t<div class=\"elementor-widget-wrap\">\n\t\t\t\t\t\t<div class=\"elementor-element elementor-element-e49d294 elementor-invisible elementor-widget elementor-widget-heading\" data-id=\"e49d294\" data-element_type=\"widget\" data-settings=\"{&quot;_animation&quot;:&quot;fadeInUp&quot;,&quot;_animation_delay&quot;:0}\" data-widget_type=\"heading.default\">\n\t\t\t\t<div class=\"elementor-widget-container\">\n\t\t\t<h3 class=\"elementor-heading-title elementor-size-default translation-block\">What <font color=\"#0095da\">should you know<\/font> before you start an <a href=\"\/en\/de-ce-outdoor\/\" target=\"_self\"><font color=\"#0095da\">OUTDOOR<\/font><\/a> Campaign?<\/h3>\t\t<\/div>\n\t\t\t\t<\/div>\n\t\t\t\t<div class=\"elementor-element elementor-element-d2f8e10 elementor-widget elementor-widget-text-editor\" data-id=\"d2f8e10\" data-element_type=\"widget\" data-widget_type=\"text-editor.default\">\n\t\t\t\t<div class=\"elementor-widget-container\">\n\t\t\t\t\t<div class=\"elementor-text-editor elementor-clearfix\"><p class=\" translation-block\">Most local companies have never tried outdoor advertising so they don't know what it entails for an ad to be displayed on a <a href=\"\/en\/produse\">billboard<\/a>. A lot of people consider this, a way of promotion only for big companies and the process of acquiring such services said to be difficult.<\/p><p>For a succesful campaign, the client must consider several aspects such as: the billboards must be located in a high visibility area, unobstructed by vegetation or buildings, the graphic design must be adapted for outdoor, consider other means of adverting to complement the <a href=\"\/en\/produse\/backlit\/\">outdoor ads<\/a>, check if the advertising agency posess a construction permit for the said billboard so no problems arise during the campaign. <a href=\"https:\/\/www.pentamedia.ro\/en\/produse\/backlit\/\">advertising media<\/a> s\u0103 fie autorizate, astfel \u00eenc\u00e2t clientul s\u0103 nu \u00eent\u00e2mpine probleme pe parcursul desf\u0103\u0219ur\u0103rii campaniei.<\/p><p><span style=\"font-size: 18px;\">We offer you four sections of information in hope of answering all your questions related to the start of an outdoor adverting campaign.<\/span><\/p><\/div>\n\t\t\t\t<\/div>\n\t\t\t\t<\/div>\n\t\t\t\t<div class=\"elementor-element elementor-element-5db59e9 elementor-widget__width-auto elementor-absolute elementor-view-default elementor-widget elementor-widget-icon\" data-id=\"5db59e9\" data-element_type=\"widget\" data-settings=\"{&quot;_position&quot;:&quot;absolute&quot;}\" data-widget_type=\"icon.default\">\n\t\t\t\t<div class=\"elementor-widget-container\">\n\t\t\t\t\t<div class=\"elementor-icon-wrapper\">\n\t\t\t<div class=\"elementor-icon\">\n\t\t\t<i aria-hidden=\"true\" class=\"fas fa-question\"><\/i>\t\t\t<\/div>\n\t\t<\/div>\n\t\t\t\t<\/div>\n\t\t\t\t<\/div>\n\t\t\t\t\t\t<\/div>\n\t\t\t\t\t<\/div>\n\t\t<\/div>\n\t\t\t\t\t\t\t\t<\/div>\n\t\t\t\t\t<\/div>\n\t\t<\/section>\n\t\t\t\t<section class=\"elementor-section elementor-top-section elementor-element elementor-element-e84a543 elementor-section-boxed elementor-section-height-default elementor-section-height-default\" data-id=\"e84a543\" data-element_type=\"section\">\n\t\t\t\t\t\t<div class=\"elementor-container elementor-column-gap-default\">\n\t\t\t\t\t\t\t<div class=\"elementor-row\">\n\t\t\t\t\t<div class=\"elementor-column elementor-col-100 elementor-top-column elementor-element elementor-element-2dee9ed\" data-id=\"2dee9ed\" data-element_type=\"column\">\n\t\t\t<div class=\"elementor-column-wrap elementor-element-populated\">\n\t\t\t\t\t\t\t<div class=\"elementor-widget-wrap\">\n\t\t\t\t\t\t<section class=\"elementor-section elementor-inner-section elementor-element elementor-element-83c1a48 elementor-section-boxed elementor-section-height-default elementor-section-height-default\" data-id=\"83c1a48\" data-element_type=\"section\">\n\t\t\t\t\t\t<div class=\"elementor-container elementor-column-gap-default\">\n\t\t\t\t\t\t\t<div class=\"elementor-row\">\n\t\t\t\t\t<div class=\"elementor-column elementor-col-25 elementor-inner-column elementor-element elementor-element-e5c1789\" data-id=\"e5c1789\" data-element_type=\"column\">\n\t\t\t<div class=\"elementor-column-wrap elementor-element-populated\">\n\t\t\t\t\t\t\t<div class=\"elementor-widget-wrap\">\n\t\t\t\t\t\t<div class=\"elementor-element elementor-element-a9c12db elementor-align-justify elementor-widget elementor-widget-button\" data-id=\"a9c12db\" data-element_type=\"widget\" data-widget_type=\"button.default\">\n\t\t\t\t<div class=\"elementor-widget-container\">\n\t\t\t\t\t<div class=\"elementor-button-wrapper\">\n\t\t\t<a href=\"https:\/\/www.pentamedia.ro\/en\/primii-pasi\/\" class=\"elementor-button-link elementor-button elementor-size-lg\" role=\"button\">\n\t\t\t\t\t\t<span class=\"elementor-button-content-wrapper\">\n\t\t\t\t\t\t<span class=\"elementor-button-icon elementor-align-icon-right\">\n\t\t\t\t<i aria-hidden=\"true\" class=\"fas fa-arrow-right\"><\/i>\t\t\t<\/span>\n\t\t\t\t\t\t<span class=\"elementor-button-text\">HOW CAN I BEGIN?<\/span>\n\t\t<\/span>\n\t\t\t\t\t<\/a>\n\t\t<\/div>\n\t\t\t\t<\/div>\n\t\t\t\t<\/div>\n\t\t\t\t\t\t<\/div>\n\t\t\t\t\t<\/div>\n\t\t<\/div>\n\t\t\t\t<div class=\"elementor-column elementor-col-25 elementor-inner-column elementor-element elementor-element-372379f\" data-id=\"372379f\" data-element_type=\"column\">\n\t\t\t<div class=\"elementor-column-wrap elementor-element-populated\">\n\t\t\t\t\t\t\t<div class=\"elementor-widget-wrap\">\n\t\t\t\t\t\t<div class=\"elementor-element elementor-element-5293f1d elementor-align-justify elementor-widget elementor-widget-button\" data-id=\"5293f1d\" data-element_type=\"widget\" data-widget_type=\"button.default\">\n\t\t\t\t<div class=\"elementor-widget-container\">\n\t\t\t\t\t<div class=\"elementor-button-wrapper\">\n\t\t\t<a href=\"https:\/\/www.pentamedia.ro\/en\/grafica-outdoor\/\" class=\"elementor-button-link elementor-button elementor-size-lg\" role=\"button\">\n\t\t\t\t\t\t<span class=\"elementor-button-content-wrapper\">\n\t\t\t\t\t\t<span class=\"elementor-button-icon elementor-align-icon-right\">\n\t\t\t\t<i aria-hidden=\"true\" class=\"fas fa-arrow-right\"><\/i>\t\t\t<\/span>\n\t\t\t\t\t\t<span class=\"elementor-button-text\">Graphic design guidelines<\/span>\n\t\t<\/span>\n\t\t\t\t\t<\/a>\n\t\t<\/div>\n\t\t\t\t<\/div>\n\t\t\t\t<\/div>\n\t\t\t\t\t\t<\/div>\n\t\t\t\t\t<\/div>\n\t\t<\/div>\n\t\t\t\t<div class=\"elementor-column elementor-col-25 elementor-inner-column elementor-element elementor-element-179e2ad\" data-id=\"179e2ad\" data-element_type=\"column\">\n\t\t\t<div class=\"elementor-column-wrap elementor-element-populated\">\n\t\t\t\t\t\t\t<div class=\"elementor-widget-wrap\">\n\t\t\t\t\t\t<div class=\"elementor-element elementor-element-2882e84 elementor-align-justify elementor-widget elementor-widget-button\" data-id=\"2882e84\" data-element_type=\"widget\" data-widget_type=\"button.default\">\n\t\t\t\t<div class=\"elementor-widget-container\">\n\t\t\t\t\t<div class=\"elementor-button-wrapper\">\n\t\t\t<a href=\"https:\/\/www.pentamedia.ro\/en\/intrebari\/\" class=\"elementor-button-link elementor-button elementor-size-lg\" role=\"button\">\n\t\t\t\t\t\t<span class=\"elementor-button-content-wrapper\">\n\t\t\t\t\t\t<span class=\"elementor-button-icon elementor-align-icon-right\">\n\t\t\t\t<i aria-hidden=\"true\" class=\"fas fa-arrow-right\"><\/i>\t\t\t<\/span>\n\t\t\t\t\t\t<span class=\"elementor-button-text\">QUESTIONS\/ANSWERS<\/span>\n\t\t<\/span>\n\t\t\t\t\t<\/a>\n\t\t<\/div>\n\t\t\t\t<\/div>\n\t\t\t\t<\/div>\n\t\t\t\t\t\t<\/div>\n\t\t\t\t\t<\/div>\n\t\t<\/div>\n\t\t\t\t<div class=\"elementor-column elementor-col-25 elementor-inner-column elementor-element elementor-element-9bb851f\" data-id=\"9bb851f\" data-element_type=\"column\">\n\t\t\t<div class=\"elementor-column-wrap elementor-element-populated\">\n\t\t\t\t\t\t\t<div class=\"elementor-widget-wrap\">\n\t\t\t\t\t\t<div class=\"elementor-element elementor-element-1b48b31 elementor-align-justify elementor-widget elementor-widget-button\" data-id=\"1b48b31\" data-element_type=\"widget\" data-widget_type=\"button.default\">\n\t\t\t\t<div class=\"elementor-widget-container\">\n\t\t\t\t\t<div class=\"elementor-button-wrapper\">\n\t\t\t<a href=\"https:\/\/www.pentamedia.ro\/en\/drepturi\/\" class=\"elementor-button-link elementor-button elementor-size-lg\" role=\"button\">\n\t\t\t\t\t\t<span class=\"elementor-button-content-wrapper\">\n\t\t\t\t\t\t<span class=\"elementor-button-icon elementor-align-icon-right\">\n\t\t\t\t<i aria-hidden=\"true\" class=\"fas fa-arrow-right\"><\/i>\t\t\t<\/span>\n\t\t\t\t\t\t<span class=\"elementor-button-text\">RIGHTS\/RESPONSABILITIES<\/span>\n\t\t<\/span>\n\t\t\t\t\t<\/a>\n\t\t<\/div>\n\t\t\t\t<\/div>\n\t\t\t\t<\/div>\n\t\t\t\t\t\t<\/div>\n\t\t\t\t\t<\/div>\n\t\t<\/div>\n\t\t\t\t\t\t\t\t<\/div>\n\t\t\t\t\t<\/div>\n\t\t<\/section>\n\t\t\t\t\t\t<\/div>\n\t\t\t\t\t<\/div>\n\t\t<\/div>\n\t\t\t\t\t\t\t\t<\/div>\n\t\t\t\t\t<\/div>\n\t\t<\/section>\n\t\t\t\t\t\t<\/div>\n\t\t\t\t\t\t<\/div>\n\t\t\t\t\t<\/div>","protected":false},"excerpt":{"rendered":"<p>Descoper\u0103 Publicitatea Outdoor Ghidul Clientului ce ar trebui s\u0103 \u0219tii \u00eenainte de a \u00eencepe o campanie OUTDOOR ? Majoritatea firmelor locale nu s-au promovat niciodat\u0103 prin publicitatea outdoor \u0219i nu cunosc procesul prin care o reclam\u0103 ajunge expus\u0103 pe un panou publicitar. Mul\u021bi consider\u0103 c\u0103 aceast\u0103 modalitate de promovare este folosit\u0103 doar de firmele mai &hellip;<\/p>\n<p class=\"read-more\"> <a class=\"\" href=\"https:\/\/www.pentamedia.ro\/en\/ghidul-clientului\/\"> <span class=\"screen-reader-text\">\u00a0\u00a0Client's guide\u00a0\u00a0\u00a0<\/span> Read More &raquo;<\/a><\/p>","protected":false},"author":2,"featured_media":0,"parent":0,"menu_order":0,"comment_status":"closed","ping_status":"closed","template":"elementor_header_footer","meta":[],"yoast_head":"<!-- This site is optimized with the Yoast SEO plugin v15.8 - https:\/\/yoast.com\/wordpress\/plugins\/seo\/ -->\n<title>Ghidul clientului - Penta Media<\/title>\n<meta name=\"robots\" content=\"index, follow, max-snippet:-1, max-image-preview:large, max-video-preview:-1\" \/>\n<link rel=\"canonical\" href=\"https:\/\/www.pentamedia.ro\/en\/ghidul-clientului\/\" \/>\n<meta property=\"og:locale\" content=\"en_GB\" \/>\n<meta property=\"og:type\" content=\"article\" \/>\n<meta property=\"og:title\" content=\"Ghidul clientului - Penta Media\" \/>\n<meta property=\"og:description\" content=\"Descoper\u0103 Publicitatea Outdoor Ghidul Clientului ce ar trebui s\u0103 \u0219tii \u00eenainte de a \u00eencepe o campanie OUTDOOR ? Majoritatea firmelor locale nu s-au promovat niciodat\u0103 prin publicitatea outdoor \u0219i nu cunosc procesul prin care o reclam\u0103 ajunge expus\u0103 pe un panou publicitar. Mul\u021bi consider\u0103 c\u0103 aceast\u0103 modalitate de promovare este folosit\u0103 doar de firmele mai &hellip; Ghidul clientului Read More &raquo;\" \/>\n<meta property=\"og:url\" content=\"https:\/\/www.pentamedia.ro\/en\/ghidul-clientului\/\" \/>\n<meta property=\"og:site_name\" content=\"Penta Media\" \/>\n<meta property=\"article:publisher\" content=\"https:\/\/www.facebook.com\/PentaMediaAdvertising\" \/>\n<meta property=\"article:modified_time\" content=\"2021-07-16T12:00:04+00:00\" \/>\n<meta name=\"twitter:card\" content=\"summary_large_image\" \/>\n<meta name=\"twitter:site\" content=\"@PentaMediaAdve1\" \/>\n<meta name=\"twitter:label1\" content=\"Estimated reading time\">\n\t<meta name=\"twitter:data1\" content=\"1 minute\">\n<script type=\"application\/ld+json\" class=\"yoast-schema-graph\">{\"@context\":\"https:\/\/schema.org\",\"@graph\":[{\"@type\":\"Organization\",\"@id\":\"https:\/\/www.pentamedia.ro\/#organization\",\"name\":\"PENTA MEDIA ADVERTISING\",\"url\":\"https:\/\/www.pentamedia.ro\/\",\"sameAs\":[\"https:\/\/www.facebook.com\/PentaMediaAdvertising\",\"https:\/\/www.instagram.com\/pentamediaadvertising\/\",\"https:\/\/www.youtube.com\/channel\/UC_YXCC_J1Vf1nPuGQV_DBXQ\",\"https:\/\/twitter.com\/PentaMediaAdve1\"],\"logo\":{\"@type\":\"ImageObject\",\"@id\":\"https:\/\/www.pentamedia.ro\/#logo\",\"inLanguage\":\"en-GB\",\"url\":\"https:\/\/www.pentamedia.ro\/wp-content\/uploads\/2020\/10\/lOGO.png\",\"width\":772,\"height\":772,\"caption\":\"PENTA MEDIA ADVERTISING\"},\"image\":{\"@id\":\"https:\/\/www.pentamedia.ro\/#logo\"}},{\"@type\":\"WebSite\",\"@id\":\"https:\/\/www.pentamedia.ro\/#website\",\"url\":\"https:\/\/www.pentamedia.ro\/\",\"name\":\"Penta Media\",\"description\":\"Agentie publicitate outdoor\",\"publisher\":{\"@id\":\"https:\/\/www.pentamedia.ro\/#organization\"},\"potentialAction\":[{\"@type\":\"SearchAction\",\"target\":\"https:\/\/www.pentamedia.ro\/?s={search_term_string}\",\"query-input\":\"required name=search_term_string\"}],\"inLanguage\":\"en-GB\"},{\"@type\":\"WebPage\",\"@id\":\"https:\/\/www.pentamedia.ro\/ghidul-clientului\/#webpage\",\"url\":\"https:\/\/www.pentamedia.ro\/ghidul-clientului\/\",\"name\":\"Ghidul clientului - Penta Media\",\"isPartOf\":{\"@id\":\"https:\/\/www.pentamedia.ro\/#website\"},\"datePublished\":\"2020-07-09T19:46:24+00:00\",\"dateModified\":\"2021-07-16T12:00:04+00:00\",\"breadcrumb\":{\"@id\":\"https:\/\/www.pentamedia.ro\/ghidul-clientului\/#breadcrumb\"},\"inLanguage\":\"en-GB\",\"potentialAction\":[{\"@type\":\"ReadAction\",\"target\":[\"https:\/\/www.pentamedia.ro\/ghidul-clientului\/\"]}]},{\"@type\":\"BreadcrumbList\",\"@id\":\"https:\/\/www.pentamedia.ro\/ghidul-clientului\/#breadcrumb\",\"itemListElement\":[{\"@type\":\"ListItem\",\"position\":1,\"item\":{\"@type\":\"WebPage\",\"@id\":\"https:\/\/www.pentamedia.ro\/\",\"url\":\"https:\/\/www.pentamedia.ro\/\",\"name\":\"Penta Media\"}},{\"@type\":\"ListItem\",\"position\":2,\"item\":{\"@type\":\"WebPage\",\"@id\":\"https:\/\/www.pentamedia.ro\/ghidul-clientului\/\",\"url\":\"https:\/\/www.pentamedia.ro\/ghidul-clientului\/\",\"name\":\"Ghidul clientului\"}}]}]}<\/script>\n<!-- \/ Yoast SEO plugin. -->","_links":{"self":[{"href":"https:\/\/www.pentamedia.ro\/en\/wp-json\/wp\/v2\/pages\/873"}],"collection":[{"href":"https:\/\/www.pentamedia.ro\/en\/wp-json\/wp\/v2\/pages"}],"about":[{"href":"https:\/\/www.pentamedia.ro\/en\/wp-json\/wp\/v2\/types\/page"}],"author":[{"embeddable":true,"href":"https:\/\/www.pentamedia.ro\/en\/wp-json\/wp\/v2\/users\/2"}],"replies":[{"embeddable":true,"href":"https:\/\/www.pentamedia.ro\/en\/wp-json\/wp\/v2\/comments?post=873"}],"version-history":[{"count":144,"href":"https:\/\/www.pentamedia.ro\/en\/wp-json\/wp\/v2\/pages\/873\/revisions"}],"predecessor-version":[{"id":10347,"href":"https:\/\/www.pentamedia.ro\/en\/wp-json\/wp\/v2\/pages\/873\/revisions\/10347"}],"wp:attachment":[{"href":"https:\/\/www.pentamedia.ro\/en\/wp-json\/wp\/v2\/media?parent=873"}],"curies":[{"name":"wp","href":"https:\/\/api.w.org\/{rel}","templated":true}]}}